{"id":343,"date":"2022-12-14T08:08:36","date_gmt":"2022-12-14T11:08:36","guid":{"rendered":"https:\/\/sistemagestaocomercial.com.br\/?post_type=product&#038;p=343"},"modified":"2022-12-14T08:10:27","modified_gmt":"2022-12-14T11:10:27","slug":"sistema-desktop-para-conveniencias","status":"publish","type":"product","link":"https:\/\/sistemagestaocomercial.com.br\/index.php\/produto\/sistema-desktop-para-conveniencias\/","title":{"rendered":"Sistema Desktop para Conveni\u00eancias"},"content":{"rendered":"<p><strong>Sistema DESKTOP<\/strong>; (<em>funcionamento atrav\u00e9s de instala\u00e7\u00e3o local no computador, obrigat\u00f3rio computador com requisitos m\u00ednimos\u00a0para a instala\u00e7\u00e3o.<\/em>)<br \/>\nAtende; conveni\u00eancias, mercados, distribuidoras, com\u00e9rcios em geral.<br \/>\nFaz emiss\u00e3o de <strong>NF &#8211; NFCE &#8211; NFSE<\/strong> entre outras emiss\u00f5es fiscais.<\/p>\n<p>sistema para gest\u00e3o total do seu negocio.<\/p>\n<p>tenha controle total de seu estoque, compras, e vendas.<\/p>\n<p>saiba como anda a sa\u00fade da sua empresa.<\/p>\n","protected":false},"excerpt":{"rendered":"<p>Pagamento Mensal<\/p>\n","protected":false},"featured_media":337,"comment_status":"open","ping_status":"closed","template":"","meta":[],"product_cat":[21,23],"product_tag":[30,26,28,27,29,24,31,25],"_links":{"self":[{"href":"https:\/\/sistemagestaocomercial.com.br\/index.php\/wp-json\/wp\/v2\/product\/343"}],"collection":[{"href":"https:\/\/sistemagestaocomercial.com.br\/index.php\/wp-json\/wp\/v2\/product"}],"about":[{"href":"https:\/\/sistemagestaocomercial.com.br\/index.php\/wp-json\/wp\/v2\/types\/product"}],"replies":[{"embeddable":true,"href":"https:\/\/sistemagestaocomercial.com.br\/index.php\/wp-json\/wp\/v2\/comments?post=343"}],"wp:featuredmedia":[{"embeddable":true,"href":"https:\/\/sistemagestaocomercial.com.br\/index.php\/wp-json\/wp\/v2\/media\/337"}],"wp:attachment":[{"href":"https:\/\/sistemagestaocomercial.com.br\/index.php\/wp-json\/wp\/v2\/media?parent=343"}],"wp:term":[{"taxonomy":"product_cat","embeddable":true,"href":"https:\/\/sistemagestaocomercial.com.br\/index.php\/wp-json\/wp\/v2\/product_cat?post=343"},{"taxonomy":"product_tag","embeddable":true,"href":"https:\/\/sistemagestaocomercial.com.br\/index.php\/wp-json\/wp\/v2\/product_tag?post=343"}],"curies":[{"name":"wp","href":"https:\/\/api.w.org\/{rel}","templated":true}]}}